{"id":2635,"date":"2017-02-04T14:07:07","date_gmt":"2017-02-04T14:07:07","guid":{"rendered":"http:\/\/keydesign-themes.com\/intact\/business\/?page_id=16"},"modified":"2025-05-10T14:20:30","modified_gmt":"2025-05-10T14:20:30","slug":"got-questions-weve-got-answers","status":"publish","type":"page","link":"https:\/\/goerasmusplus.com\/es\/home\/got-questions-weve-got-answers\/","title":{"rendered":"\u00bfTienes preguntas? Os respondemos"},"content":{"rendered":"<div class=\"vc_row wpb_row vc_row-fluid\"><div class=\"wpb_column vc_column_container vc_col-sm-12\"><div class=\"vc_column-inner\"><div class=\"wpb_wrapper\"><div class=\"vc_empty_space\"   style=\"height: 40px\"><span class=\"vc_empty_space_inner\"><\/span><\/div><\/div><\/div><\/div><\/div><div class=\"vc_row wpb_row vc_row-fluid\"><div class=\"wpb_column vc_column_container vc_col-sm-8\"><div class=\"vc_column-inner vc_custom_1486466116181\"><div class=\"wpb_wrapper\"><div id=\"1486465455111-0cc2408f-96b7\" class=\"vc_toggle vc_toggle_default vc_toggle_color_default  vc_toggle_size_md\"><div class=\"vc_toggle_title\"><h4>\u00bfQu\u00e9 servicios ofrecemos como parte del programa Erasmus+ KA1?<\/h4><i class=\"vc_toggle_icon\"><\/i><\/div><div class=\"vc_toggle_content\"><p data-start=\"791\" data-end=\"866\">Ofrecemos experiencias completas de cursos Erasmus+ KA1 en Tenerife, que incluyen:<\/p>\n<ul data-start=\"867\" data-end=\"1099\">\n<li data-start=\"867\" data-end=\"893\">\n<p data-start=\"869\" data-end=\"893\">Cursos de formaci\u00f3n para docentes<\/p>\n<\/li>\n<li data-start=\"894\" data-end=\"937\">\n<p data-start=\"896\" data-end=\"937\">Actividades culturales y excursiones guiadas<\/p>\n<\/li>\n<li data-start=\"938\" data-end=\"993\">\n<p data-start=\"940\" data-end=\"993\">Asistencia con los Acuerdos de Aprendizaje y la documentaci\u00f3n<\/p>\n<\/li>\n<li data-start=\"994\" data-end=\"1038\">\n<p data-start=\"996\" data-end=\"1038\">Apoyo con el alojamiento y el traslado desde\/hasta el aeropuerto<\/p>\n<\/li>\n<li data-start=\"1039\" data-end=\"1099\">\n<p data-start=\"1041\" data-end=\"1099\">Certificados de asistencia y documentos Europass Mobility<\/p>\n<\/li>\n<\/ul>\n<p data-start=\"1101\" data-end=\"1231\">Tambi\u00e9n ayudamos a las escuelas con el proceso de solicitud de financiaci\u00f3n Erasmus+ y ofrecemos apoyo antes, durante y despu\u00e9s de la movilidad.<\/p>\n<\/div><\/div><div id=\"1486465453596-eadb9024-1eec\" class=\"vc_toggle vc_toggle_default vc_toggle_color_default  vc_toggle_size_md\"><div class=\"vc_toggle_title\"><h4>2. \u00bfQui\u00e9nes pueden unirse a sus cursos?<\/h4><i class=\"vc_toggle_icon\"><\/i><\/div><div class=\"vc_toggle_content\"><p data-start=\"1274\" data-end=\"1303\">Nuestros cursos est\u00e1n dise\u00f1ados para:<\/p>\n<ul data-start=\"1304\" data-end=\"1491\">\n<li data-start=\"1304\" data-end=\"1348\">\n<p data-start=\"1306\" data-end=\"1348\">Docentes (de educaci\u00f3n preescolar, primaria y secundaria)<\/p>\n<\/li>\n<li data-start=\"1349\" data-end=\"1386\">\n<p data-start=\"1351\" data-end=\"1386\">Directores y personal de gesti\u00f3n escolar<\/p>\n<\/li>\n<li data-start=\"1387\" data-end=\"1491\">\n<p data-start=\"1389\" data-end=\"1491\">Personal de apoyo educativo<br \/>\nde escuelas que formen parte de un proyecto de movilidad Erasmus+ KA1 aprobado.<\/p>\n<\/li>\n<\/ul>\n<\/div><\/div><div id=\"1486465455758-f524ec86-fb98\" class=\"vc_toggle vc_toggle_default vc_toggle_color_default  vc_toggle_size_md\"><div class=\"vc_toggle_title\"><h4>\u00bfQu\u00e9 tipo de cursos de formaci\u00f3n ofrecemos?<\/h4><i class=\"vc_toggle_icon\"><\/i><\/div><div class=\"vc_toggle_content\"><p data-start=\"1551\" data-end=\"1634\">Ofrecemos una amplia selecci\u00f3n de cursos pr\u00e1cticos, din\u00e1micos e inspiradores, que incluyen:<\/p>\n<ul data-start=\"1635\" data-end=\"1900\">\n<li data-start=\"1635\" data-end=\"1668\">\n<p data-start=\"1637\" data-end=\"1668\">Herramientas digitales para el aula<\/p>\n<\/li>\n<li data-start=\"1669\" data-end=\"1709\">\n<p data-start=\"1671\" data-end=\"1709\">Inteligencia Artificial en la escuela<\/p>\n<\/li>\n<li data-start=\"1710\" data-end=\"1748\">\n<p data-start=\"1712\" data-end=\"1748\">Emprendimiento en el aula: Inspira innovaci\u00f3n e iniciativa<\/p>\n<\/li>\n<li data-start=\"1749\" data-end=\"1799\">\n<p data-start=\"1751\" data-end=\"1799\">Mindfulness, inteligencia emocional y bienestar<\/p>\n<\/li>\n<li data-start=\"1800\" data-end=\"1850\">\n<p data-start=\"1802\" data-end=\"1850\">M\u00e9todos de ense\u00f1anza innovadores y centrados en el alumnado<\/p>\n<\/li>\n<li data-start=\"1851\" data-end=\"1900\">\n<p data-start=\"1853\" data-end=\"1900\">CLIL (Aprendizaje Integrado de Contenidos y Lenguas)<\/p>\n<\/li>\n<\/ul>\n<\/div><\/div><div id=\"1486465453143-15df7484-74ad\" class=\"vc_toggle vc_toggle_default vc_toggle_color_default  vc_toggle_size_md\"><div class=\"vc_toggle_title\"><h4>4. \u00bfSolo reciben participantes o tambi\u00e9n env\u00edan profesores al extranjero?<\/h4><i class=\"vc_toggle_icon\"><\/i><\/div><div class=\"vc_toggle_content\"><p>Estamos activos <strong data-start=\"2078\" data-end=\"2106\">tanto en la recepci\u00f3n como en el env\u00edo.<\/strong>Mientras damos la bienvenida a docentes internacionales en Tenerife para su formaci\u00f3n, tambi\u00e9n organizamos oportunidades de movilidad para nuestro personal local por toda Europa, fortaleciendo nuestra red y compromiso con la cooperaci\u00f3n europea en educaci\u00f3n.<\/p>\n<\/div><\/div><div id=\"1486465452619-85b1e9fd-d3e7\" class=\"vc_toggle vc_toggle_default vc_toggle_color_default  vc_toggle_size_md\"><div class=\"vc_toggle_title\"><h4>5. \u00bfPodemos ayudar a su escuela a solicitar financiaci\u00f3n Erasmus+?<\/h4><i class=\"vc_toggle_icon\"><\/i><\/div><div class=\"vc_toggle_content\"><p data-start=\"2749\" data-end=\"2830\">Ofrecemos apoyo completo a las escuelas que preparan su solicitud KA1, incluyendo:<\/p>\n<ul data-start=\"2831\" data-end=\"3031\">\n<li data-start=\"2831\" data-end=\"2865\">\n<p data-start=\"2833\" data-end=\"2865\">Selecci\u00f3n de los temas adecuados para los cursos<\/p>\n<\/li>\n<li data-start=\"2866\" data-end=\"2916\">\n<p data-start=\"2868\" data-end=\"2916\">Alineaci\u00f3n de objetivos con el Plan de Desarrollo Escolar<\/p>\n<\/li>\n<li data-start=\"2917\" data-end=\"2972\">\n<p data-start=\"2919\" data-end=\"2972\">Provisi\u00f3n de documentos preliminares y cartas de intenci\u00f3n<\/p>\n<\/li>\n<li data-start=\"2973\" data-end=\"3031\">\n<p data-start=\"2975\" data-end=\"3031\">Guiding you through the submission and follow-up process<\/p>\n<\/li>\n<\/ul>\n<\/div><\/div><\/div><\/div><\/div><div class=\"wpb_column vc_column_container vc_col-sm-4\"><div class=\"vc_column-inner\"><div class=\"wpb_wrapper\"><h3 style=\"font-size: 22px;text-align: left\" class=\"vc_custom_heading\" >\u00bfPreguntas?<\/h3>\n\t<div class=\"wpb_text_column wpb_content_element\" >\n\t\t<div class=\"wpb_wrapper\">\n\t\t\t<p>Si tienes alguna pregunta o necesitas m\u00e1s informaci\u00f3n sobre nuestros cursos Erasmus+ KA1, alianzas o apoyo en la solicitud, no dudes en contactarnos.<br data-start=\"309\" data-end=\"312\" \/>Estamos encantados de ayudarte en cada paso del proceso.<\/p>\n\n\t\t<\/div>\n\t<\/div>\n<div class=\"vc_row wpb_row vc_inner vc_row-fluid vc_custom_1486465159630\"><div class=\"wpb_column vc_column_container vc_col-sm-12\"><div class=\"vc_column-inner vc_custom_1486465270591\"><div class=\"wpb_wrapper\"><a style=\"width:px\" href=\"#\"  target=\"_self\"  title=\"\" class=\"tt_button tt_secondary_button  pull-left kd-animated zoomIn\" data-animation-delay=\"200\"><span class=\"prim_text\">Contacto<\/span><\/a><div class=\"vc_empty_space\"   style=\"height: 30px\"><span class=\"vc_empty_space_inner\"><\/span><\/div><\/div><\/div><\/div><\/div><h3 style=\"font-size: 22px;text-align: left\" class=\"vc_custom_heading\" >Nosotros<\/h3>\n\t<div class=\"wpb_text_column wpb_content_element\" >\n\t\t<div class=\"wpb_wrapper\">\n\t\t\t<p>Somos un proveedor dedicado de formaci\u00f3n Erasmus+ KA1 con sede en Tenerife, que ofrece cursos innovadores y pr\u00e1cticos para docentes de toda Europa. <strong data-start=\"285\" data-end=\"321\">Como organizaci\u00f3n anfitriona y remitente, apoyamos el desarrollo profesional a trav\u00e9s de cursos de alta calidad centrados en herramientas digitales, inteligencia artificial en la educaci\u00f3n, emprendimiento y bienestar.<\/strong>.<\/p>\n\n\t\t<\/div>\n\t<\/div>\n<div class=\"vc_row wpb_row vc_inner vc_row-fluid vc_custom_1486465166412\"><div class=\"wpb_column vc_column_container vc_col-sm-12\"><div class=\"vc_column-inner vc_custom_1486465283494\"><div class=\"wpb_wrapper\"><a style=\"width:px\" href=\"#\"  target=\"_self\"  title=\"\" class=\"tt_button tt_secondary_button  pull-left kd-animated zoomIn\" data-animation-delay=\"200\"><span class=\"prim_text\">M\u00e1s info<\/span><\/a><\/div><\/div><\/div><\/div><\/div><\/div><\/div><\/div>","protected":false},"excerpt":{"rendered":"1. What services do you offer as part of the Erasmus+ KA1 program?We provide complete Erasmus+ KA1 course experiences in Tenerife, including: Teacher [...]","protected":false},"author":1,"featured_media":0,"parent":2632,"menu_order":60,"comment_status":"closed","ping_status":"closed","template":"","meta":{"om_disable_all_campaigns":false,"_monsterinsights_skip_tracking":false,"_monsterinsights_sitenote_active":false,"_monsterinsights_sitenote_note":"","_monsterinsights_sitenote_category":0,"footnotes":""},"class_list":["post-2635","page","type-page","status-publish","hentry"],"aioseo_notices":[],"_links":{"self":[{"href":"https:\/\/goerasmusplus.com\/es\/wp-json\/wp\/v2\/pages\/2635","targetHints":{"allow":["GET"]}}],"collection":[{"href":"https:\/\/goerasmusplus.com\/es\/wp-json\/wp\/v2\/pages"}],"about":[{"href":"https:\/\/goerasmusplus.com\/es\/wp-json\/wp\/v2\/types\/page"}],"author":[{"embeddable":true,"href":"https:\/\/goerasmusplus.com\/es\/wp-json\/wp\/v2\/users\/1"}],"replies":[{"embeddable":true,"href":"https:\/\/goerasmusplus.com\/es\/wp-json\/wp\/v2\/comments?post=2635"}],"version-history":[{"count":2,"href":"https:\/\/goerasmusplus.com\/es\/wp-json\/wp\/v2\/pages\/2635\/revisions"}],"predecessor-version":[{"id":2745,"href":"https:\/\/goerasmusplus.com\/es\/wp-json\/wp\/v2\/pages\/2635\/revisions\/2745"}],"up":[{"embeddable":true,"href":"https:\/\/goerasmusplus.com\/es\/wp-json\/wp\/v2\/pages\/2632"}],"wp:attachment":[{"href":"https:\/\/goerasmusplus.com\/es\/wp-json\/wp\/v2\/media?parent=2635"}],"curies":[{"name":"wp","href":"https:\/\/api.w.org\/{rel}","templated":true}]}}