{"id":2633,"date":"2017-02-04T14:06:13","date_gmt":"2017-02-04T14:06:13","guid":{"rendered":"http:\/\/keydesign-themes.com\/intact\/business\/?page_id=10"},"modified":"2025-05-10T14:07:49","modified_gmt":"2025-05-10T14:07:49","slug":"the-best-team-available","status":"publish","type":"page","link":"https:\/\/goerasmusplus.com\/es\/home\/the-best-team-available\/","title":{"rendered":"Cursos Erasmus+"},"content":{"rendered":"<div class=\"vc_row wpb_row vc_row-fluid\"><div class=\"wpb_column vc_column_container vc_col-sm-12\"><div class=\"vc_column-inner\"><div class=\"wpb_wrapper\"><div class=\"vc_row wpb_row vc_inner vc_row-fluid container\"><div class=\"wpb_column vc_column_container vc_col-sm-4\"><div class=\"vc_column-inner\"><div class=\"wpb_wrapper\"><div class=\"team-member kd-animated fadeInUp\" >\r\n                    <div class=\"team-content\">\r\n                        <div class=\"team-image\"><img loading=\"lazy\" decoding=\"async\" width=\"1920\" height=\"2560\" src=\"https:\/\/goerasmusplus.com\/wp-content\/uploads\/2025\/05\/Untitled-design-scaled.jpg\" class=\"attachment-full\" alt=\"Erasmus plus courses\" srcset=\"https:\/\/goerasmusplus.com\/wp-content\/uploads\/2025\/05\/Untitled-design-scaled.jpg 1920w, https:\/\/goerasmusplus.com\/wp-content\/uploads\/2025\/05\/Untitled-design-225x300.jpg 225w, https:\/\/goerasmusplus.com\/wp-content\/uploads\/2025\/05\/Untitled-design-768x1024.jpg 768w, https:\/\/goerasmusplus.com\/wp-content\/uploads\/2025\/05\/Untitled-design-1152x1536.jpg 1152w, https:\/\/goerasmusplus.com\/wp-content\/uploads\/2025\/05\/Untitled-design-1536x2048.jpg 1536w, https:\/\/goerasmusplus.com\/wp-content\/uploads\/2025\/05\/Untitled-design-800x1067.jpg 800w\" sizes=\"auto, (max-width: 1920px) 100vw, 1920px\" \/>\r\n                        <div class=\"team-content-hover\">\r\n                        <h5 >IA en el aula<\/h5><span class=\"team-subtitle\" ><\/span>\r\n                        <p >Dotamos a los educadores de los conocimientos y herramientas necesarios para integrar tecnolog\u00edas de inteligencia artificial en sus pr\u00e1cticas docentes, mejorando la participaci\u00f3n del alumnado y los resultados de aprendizaje.<\/p>\r\n                        <div class=\"team-socials\"><a href=\"#\"  title=\"\"><span class=\"fa fa-facebook\" ><\/span><\/a><a href=\"#\"  title=\"\"><span class=\"fa fa-twitter\" ><\/span><\/a><a href=\"#\"  title=\"\"><span class=\"fa fa-linkedin\" ><\/span><\/a><\/div>\r\n                    <\/div><\/div>\r\n                    <\/div>\r\n                <\/div><\/div><\/div><\/div><div class=\"wpb_column vc_column_container vc_col-sm-4\"><div class=\"vc_column-inner\"><div class=\"wpb_wrapper\"><div class=\"team-member kd-animated fadeInUp\" data-animation-delay=\"200\">\r\n                    <div class=\"team-content\">\r\n                        <div class=\"team-image\"><img loading=\"lazy\" decoding=\"async\" width=\"1920\" height=\"2560\" src=\"https:\/\/goerasmusplus.com\/wp-content\/uploads\/2025\/05\/Untitled-design-2-scaled.jpg\" class=\"attachment-full\" alt=\"Erasmus plus courses\" srcset=\"https:\/\/goerasmusplus.com\/wp-content\/uploads\/2025\/05\/Untitled-design-2-scaled.jpg 1920w, https:\/\/goerasmusplus.com\/wp-content\/uploads\/2025\/05\/Untitled-design-2-225x300.jpg 225w, https:\/\/goerasmusplus.com\/wp-content\/uploads\/2025\/05\/Untitled-design-2-768x1024.jpg 768w, https:\/\/goerasmusplus.com\/wp-content\/uploads\/2025\/05\/Untitled-design-2-1152x1536.jpg 1152w, https:\/\/goerasmusplus.com\/wp-content\/uploads\/2025\/05\/Untitled-design-2-1536x2048.jpg 1536w, https:\/\/goerasmusplus.com\/wp-content\/uploads\/2025\/05\/Untitled-design-2-800x1067.jpg 800w\" sizes=\"auto, (max-width: 1920px) 100vw, 1920px\" \/>\r\n                        <div class=\"team-content-hover\">\r\n                        <h5 >Herramientas de v\u00eddeo y dise\u00f1o gr\u00e1fico para profesores.<\/h5><span class=\"team-subtitle\" ><\/span>\r\n                        <p >Formaci\u00f3n en el uso de herramientas audiovisuales, incluida la producci\u00f3n de v\u00eddeo, para crear clases din\u00e1micas e interactivas que capten la atenci\u00f3n del alumnado.<\/p>\r\n                        <div class=\"team-socials\"><a href=\"#\"  title=\"\"><span class=\"fa fa-facebook\" ><\/span><\/a><a href=\"#\"  title=\"\"><span class=\"fa fa-twitter\" ><\/span><\/a><a href=\"#\"  title=\"\"><span class=\"fa fa-linkedin\" ><\/span><\/a><\/div>\r\n                    <\/div><\/div>\r\n                    <\/div>\r\n                <\/div><\/div><\/div><\/div><div class=\"wpb_column vc_column_container vc_col-sm-4\"><div class=\"vc_column-inner\"><div class=\"wpb_wrapper\"><div class=\"team-member kd-animated fadeInUp\" data-animation-delay=\"400\">\r\n                    <div class=\"team-content\">\r\n                        <div class=\"team-image\"><img loading=\"lazy\" decoding=\"async\" width=\"1920\" height=\"2560\" src=\"https:\/\/goerasmusplus.com\/wp-content\/uploads\/2025\/05\/Untitled-design-3-scaled.jpg\" class=\"attachment-full\" alt=\"Erasmus plus courses\" srcset=\"https:\/\/goerasmusplus.com\/wp-content\/uploads\/2025\/05\/Untitled-design-3-scaled.jpg 1920w, https:\/\/goerasmusplus.com\/wp-content\/uploads\/2025\/05\/Untitled-design-3-225x300.jpg 225w, https:\/\/goerasmusplus.com\/wp-content\/uploads\/2025\/05\/Untitled-design-3-768x1024.jpg 768w, https:\/\/goerasmusplus.com\/wp-content\/uploads\/2025\/05\/Untitled-design-3-1152x1536.jpg 1152w, https:\/\/goerasmusplus.com\/wp-content\/uploads\/2025\/05\/Untitled-design-3-1536x2048.jpg 1536w, https:\/\/goerasmusplus.com\/wp-content\/uploads\/2025\/05\/Untitled-design-3-800x1067.jpg 800w\" sizes=\"auto, (max-width: 1920px) 100vw, 1920px\" \/>\r\n                        <div class=\"team-content-hover\">\r\n                        <h5 >Mentalidad emprendedora en la educaci\u00f3n<\/h5><span class=\"team-subtitle\" ><\/span>\r\n                        <p >Guias para fomentar el emprendimiento y las habilidades de liderazgo entre los estudiantes mediante m\u00e9todos de aprendizaje experiencial.<\/p>\r\n                        <div class=\"team-socials\"><a href=\"#\"  title=\"\"><span class=\"fa fa-facebook\" ><\/span><\/a><a href=\"#\"  title=\"\"><span class=\"fa fa-twitter\" ><\/span><\/a><\/div>\r\n                    <\/div><\/div>\r\n                    <\/div>\r\n                <\/div><\/div><\/div><\/div><\/div><\/div><\/div><\/div><\/div>","protected":false},"excerpt":{"rendered":"AI in the Classroom Equip educators with the knowledge and tools to integrate AI technologies into their teaching practices, enhancing student engagement and [...]","protected":false},"author":1,"featured_media":0,"parent":2632,"menu_order":35,"comment_status":"closed","ping_status":"closed","template":"","meta":{"om_disable_all_campaigns":false,"_monsterinsights_skip_tracking":false,"_monsterinsights_sitenote_active":false,"_monsterinsights_sitenote_note":"","_monsterinsights_sitenote_category":0,"footnotes":""},"class_list":["post-2633","page","type-page","status-publish","hentry"],"aioseo_notices":[],"_links":{"self":[{"href":"https:\/\/goerasmusplus.com\/es\/wp-json\/wp\/v2\/pages\/2633","targetHints":{"allow":["GET"]}}],"collection":[{"href":"https:\/\/goerasmusplus.com\/es\/wp-json\/wp\/v2\/pages"}],"about":[{"href":"https:\/\/goerasmusplus.com\/es\/wp-json\/wp\/v2\/types\/page"}],"author":[{"embeddable":true,"href":"https:\/\/goerasmusplus.com\/es\/wp-json\/wp\/v2\/users\/1"}],"replies":[{"embeddable":true,"href":"https:\/\/goerasmusplus.com\/es\/wp-json\/wp\/v2\/comments?post=2633"}],"version-history":[{"count":8,"href":"https:\/\/goerasmusplus.com\/es\/wp-json\/wp\/v2\/pages\/2633\/revisions"}],"predecessor-version":[{"id":2743,"href":"https:\/\/goerasmusplus.com\/es\/wp-json\/wp\/v2\/pages\/2633\/revisions\/2743"}],"up":[{"embeddable":true,"href":"https:\/\/goerasmusplus.com\/es\/wp-json\/wp\/v2\/pages\/2632"}],"wp:attachment":[{"href":"https:\/\/goerasmusplus.com\/es\/wp-json\/wp\/v2\/media?parent=2633"}],"curies":[{"name":"wp","href":"https:\/\/api.w.org\/{rel}","templated":true}]}}