{"id":2609,"date":"2017-02-04T14:05:45","date_gmt":"2017-02-04T14:05:45","guid":{"rendered":"http:\/\/keydesign-themes.com\/intact\/business\/?page_id=6"},"modified":"2025-05-10T17:57:14","modified_gmt":"2025-05-10T17:57:14","slug":"about-us","status":"publish","type":"page","link":"https:\/\/goerasmusplus.com\/es\/home\/about-us\/","title":{"rendered":"Nosotros"},"content":{"rendered":"<div class=\"vc_row wpb_row vc_row-fluid vc_custom_1486647104804\"><div class=\"wpb_column vc_column_container vc_col-sm-6 vc_col-lg-6 vc_col-md-12 vc_col-xs-12\"><div class=\"vc_column-inner\"><div class=\"wpb_wrapper\"><div class=\"vc_row wpb_row vc_inner vc_row-fluid\"><div class=\"wpb_column vc_column_container vc_col-sm-8\"><div class=\"vc_column-inner vc_custom_1486561683026\"><div class=\"wpb_wrapper\"><div class=\"vc_empty_space\"   style=\"height: 25px\"><span class=\"vc_empty_space_inner\"><\/span><\/div><h2 style=\"text-align: left\" class=\"vc_custom_heading\" >Dise\u00f1amos e implementamos programas internacionales de formaci\u00f3n y movilidad para profesores.<\/h2><div class=\"vc_empty_space\"   style=\"height: 25px\"><span class=\"vc_empty_space_inner\"><\/span><\/div><div class=\"vc_separator wpb_content_element vc_separator_align_center vc_sep_width_10 vc_sep_border_width_2 vc_sep_pos_align_left vc_separator_no_text\" ><span class=\"vc_sep_holder vc_sep_holder_l\"><span  class=\"vc_sep_line\"><\/span><\/span><span class=\"vc_sep_holder vc_sep_holder_r\"><span  class=\"vc_sep_line\"><\/span><\/span>\n<\/div><p style=\"font-size: 18px;line-height: 1.4;text-align: left\" class=\"vc_custom_heading\" >Con una pasi\u00f3n por la excelencia en la educaci\u00f3n, nuestra misi\u00f3n es ofrecer cursos Erasmus Plus de alta calidad, alineados con las \u00faltimas tendencias educativas. Nuestros programas de formaci\u00f3n son 100\u202f% elegibles para la financiaci\u00f3n Erasmus Plus KA1 (Acci\u00f3n Clave 1: Movilidad de las personas por motivos de aprendizaje).<\/p><\/div><\/div><\/div><div class=\"wpb_column vc_column_container vc_col-sm-4\"><div class=\"vc_column-inner\"><div class=\"wpb_wrapper\"><\/div><\/div><\/div><\/div><\/div><\/div><\/div><div class=\"wpb_column vc_column_container vc_col-sm-6 vc_col-lg-6 vc_col-md-12 vc_col-xs-12\"><div class=\"vc_column-inner vc_custom_1488279059339\"><div class=\"wpb_wrapper\"><div class=\"video-container\"><img loading=\"lazy\" decoding=\"async\" width=\"500\" height=\"500\" src=\"https:\/\/goerasmusplus.com\/wp-content\/uploads\/2025\/04\/1.png\" class=\"attachment-full\" alt=\"Erasmus plus\" srcset=\"https:\/\/goerasmusplus.com\/wp-content\/uploads\/2025\/04\/1.png 500w, https:\/\/goerasmusplus.com\/wp-content\/uploads\/2025\/04\/1-400x400.png 400w, https:\/\/goerasmusplus.com\/wp-content\/uploads\/2025\/04\/1-300x300.png 300w, https:\/\/goerasmusplus.com\/wp-content\/uploads\/2025\/04\/1-150x150.png 150w\" sizes=\"auto, (max-width: 500px) 100vw, 500px\" \/><a data-toggle=\"modal\" data-target=\"#video-modal-69e327904ed9d\" data-backdrop=\"true\"><span class=\"play-video\"><span class=\"fa fa-play\"><\/span><\/span><\/a>\n\n                        <\/div><div class=\"modal fade video-modal\" id=\"video-modal-69e327904ed9d\" role=\"dialog\">\n                            <div class=\"modal-content\">\n                                <div class=\"row\"><video class=\"video-modal-local\" title=\"Go Erasmus + Tenerife\" poster=\"https:\/\/goerasmusplus.com\/wp-content\/uploads\/2025\/04\/1.png\" height=\"400\" controls>\n                                  <source src=\"http:\/\/goerasmusplus.com\/wp-content\/uploads\/2025\/05\/Untitled-design-5.mp4\" type=\"video\/mp4\"><source src=\"http:\/\/goerasmusplus.com\/wp-content\/uploads\/2025\/05\/Untitled-design-5.mp4\" type=\"video\/ogg\"><source src=\"http:\/\/goerasmusplus.com\/wp-content\/uploads\/2025\/05\/Untitled-design-5.mp4\" type=\"video\/webm\"><img decoding=\"async\" alt=\"\" src=\"https:\/\/goerasmusplus.com\/wp-content\/uploads\/2025\/04\/1.png\" title=\"Video playback is not supported by your browser\" \/>\n                                  <\/video><\/div>\n                            <\/div>\n                        <\/div><\/div><\/div><\/div><\/div><div class=\"vc_row wpb_row vc_row-fluid vc_custom_1486647094522\"><div class=\"wpb_column vc_column_container vc_col-sm-12\"><div class=\"vc_column-inner vc_custom_1486647090423\"><div class=\"wpb_wrapper\"><div class=\"kd-divider solid_line divider_full_width thin_solid\">\n                <div class=\"divider-line\" style=\"border-color:\"><\/div>\n            <\/div><\/div><\/div><\/div><\/div><div class=\"vc_row wpb_row vc_row-fluid vc_custom_1486562547340\"><div class=\"wpb_column vc_column_container vc_col-sm-4\"><div class=\"vc_column-inner\"><div class=\"wpb_wrapper\"><div class=\"cb-container kd-animated fadeInUp  cont-left\" ><div class=\"cb-img-area\"><\/div><div class=\"cb-text-area\">\n                    <h4 class=\"cb-heading\" >Cursos<\/h4>\n                    <span class=\"cb-subtitle\" ><\/span>\n                    <p >Amplia gama de cursos de formaci\u00f3n Erasmus Plus dise\u00f1ados para docentes, directores y personal educativo de escuelas, universidades e instituciones de educaci\u00f3n para adultos.<\/p><\/div><\/div><\/div><\/div><\/div><div class=\"wpb_column vc_column_container vc_col-sm-4\"><div class=\"vc_column-inner\"><div class=\"wpb_wrapper\"><div class=\"cb-container kd-animated fadeInUp  cont-left\" data-animation-delay=\"200\"><div class=\"cb-img-area\"><\/div><div class=\"cb-text-area\">\n                    <h4 class=\"cb-heading\" >KA1 funding<\/h4>\n                    <span class=\"cb-subtitle\" ><\/span>\n                    <p >Los docentes, formadores, directores y dem\u00e1s personal educativo pueden solicitar una beca Erasmus Plus que financia completamente la formaci\u00f3n, incluyendo transporte, alojamiento y matr\u00edcula.<\/p><\/div><\/div><\/div><\/div><\/div><div class=\"wpb_column vc_column_container vc_col-sm-4\"><div class=\"vc_column-inner\"><div class=\"wpb_wrapper\"><div class=\"cb-container kd-animated fadeInUp  cont-left\" data-animation-delay=\"400\"><div class=\"cb-img-area\"><\/div><div class=\"cb-text-area\">\n                    <h4 class=\"cb-heading\" >Focus<\/h4>\n                    <span class=\"cb-subtitle\" ><\/span>\n                    <p >Enfoque pr\u00e1ctico e interactivo, centrado en el aprendizaje pr\u00e1ctico, el desarrollo de proyectos, la certificaci\u00f3n y la difusi\u00f3n de las nuevas tecnolog\u00edas.<\/p><\/div><\/div><\/div><\/div><\/div><\/div>","protected":false},"excerpt":{"rendered":"We specialize in designing and delivering international training and mobility programs for educators. With a passion for excellence in education, our mission is [...]","protected":false},"author":1,"featured_media":0,"parent":2632,"menu_order":10,"comment_status":"closed","ping_status":"closed","template":"","meta":{"om_disable_all_campaigns":false,"_monsterinsights_skip_tracking":false,"_monsterinsights_sitenote_active":false,"_monsterinsights_sitenote_note":"","_monsterinsights_sitenote_category":0,"footnotes":""},"class_list":["post-2609","page","type-page","status-publish","hentry"],"aioseo_notices":[],"_links":{"self":[{"href":"https:\/\/goerasmusplus.com\/es\/wp-json\/wp\/v2\/pages\/2609","targetHints":{"allow":["GET"]}}],"collection":[{"href":"https:\/\/goerasmusplus.com\/es\/wp-json\/wp\/v2\/pages"}],"about":[{"href":"https:\/\/goerasmusplus.com\/es\/wp-json\/wp\/v2\/types\/page"}],"author":[{"embeddable":true,"href":"https:\/\/goerasmusplus.com\/es\/wp-json\/wp\/v2\/users\/1"}],"replies":[{"embeddable":true,"href":"https:\/\/goerasmusplus.com\/es\/wp-json\/wp\/v2\/comments?post=2609"}],"version-history":[{"count":11,"href":"https:\/\/goerasmusplus.com\/es\/wp-json\/wp\/v2\/pages\/2609\/revisions"}],"predecessor-version":[{"id":2793,"href":"https:\/\/goerasmusplus.com\/es\/wp-json\/wp\/v2\/pages\/2609\/revisions\/2793"}],"up":[{"embeddable":true,"href":"https:\/\/goerasmusplus.com\/es\/wp-json\/wp\/v2\/pages\/2632"}],"wp:attachment":[{"href":"https:\/\/goerasmusplus.com\/es\/wp-json\/wp\/v2\/media?parent=2609"}],"curies":[{"name":"wp","href":"https:\/\/api.w.org\/{rel}","templated":true}]}}